{"id":240,"date":"2018-04-20T14:36:30","date_gmt":"2018-04-20T12:36:30","guid":{"rendered":"http:\/\/annapurna-stiftung.de\/wordpress\/?page_id=240"},"modified":"2025-04-22T18:48:02","modified_gmt":"2025-04-22T16:48:02","slug":"impressum","status":"publish","type":"page","link":"http:\/\/annapurna-stiftung.de\/index.php\/impressum\/","title":{"rendered":"Impressum"},"content":{"rendered":"<h4>Angaben gem. \u00a7 5 TMG, \u00a7 55 RStV<\/h4>\n<p>Verantwortlich f\u00fcr den Inhalt dieser Website:<\/p>\n<p>Annapurna Stiftung&nbsp;&nbsp;&nbsp;&nbsp; c\/o<br>G\u00f6hmann Rechtsanw\u00e4lte <br>Wachtstra\u00dfe 17-24<br>28195 Bremen<br>Germany<\/p>\n<p>Telefon +49 &#8211; (0)421 &#8211; 339530<br>E-Mail: info@annapurna-stiftung.de<\/p>\n<p>Die Annapurna Stiftung ist eine rechtsf\u00e4hige Stiftung b\u00fcrgerlichen Rechts und verfolgt ausschlie\u00dflich gemeinn\u00fctzige und mildt\u00e4tige Zwecke.<\/p>\n<p>Rechtsf\u00e4hige Stiftung seit dem 19.12.2005.<\/p>\n<p>&nbsp;<\/p>\n<p><strong>Stiftungsaufsicht:<\/strong><br>Senator f\u00fcr das Innere, Freie und Hansestadt Bremen<\/p>\n<p><strong>Vorstand:<\/strong><br>Herr Rechtsanwalt Gerhard Rischbieter<br>Herr Ali Bindernagel<\/p>\n<p><strong>Beirat:<\/strong><br>Frau Verena Soguel-Bindernagel<br>Frau Elisabeth W\u00fcthrich<\/p>\n<p>Frau Rebekka Nicolini<\/p>\n<p>Herr Dr. Marcus Nicolini<\/p>\n<p>&nbsp;<\/p>\n<h4>Haftungshinweise:<\/h4>\n<p>Die Annapurna Stiftung ist bem\u00fcht auf ihrer Website richtige und aktuelle Informationen bereit zu stellen und \u00e4ndert und erg\u00e4nzt diese bei Bedarf laufend und ohne vorherige Ank\u00fcndigung. Dennoch kann die Annapurna Stiftung f\u00fcr die Aktualit\u00e4t, inhaltliche Richtigkeit und Vollst\u00e4ndigkeit der auf ihren Internetseiten bereits gestellten Informationen keinerlei Haftung oder Gew\u00e4hrleistung \u00fcbernehmen.<\/p>\n<p>&nbsp;<\/p>\n<h4>Haftungsausschluss:<\/h4>\n<p>Die Annapurna Stiftung \u00fcbernimmt keine Haftung f\u00fcr die Inhalte externer Links. F\u00fcr den Inhalt verlinkter Seiten sind ausschlie\u00dflich deren Betreiber verantwortlich.<\/p>\n<p>&nbsp;<\/p>\n<h4>Urheberrechte:<\/h4>\n<p>Die Website der Annapurna Stiftung einschlie\u00dflich aller ihrer Teile, wie Texte und Bilder, ist urheberrechtlich gesch\u00fctzt. Jede Verwendung au\u00dferhalb der engen Grenzen des Urheberrechtsgesetzes ist ohne Zustimmung unzul\u00e4ssig. Eine entgeltliche Weitergabe der Inhalte der Website an Dritte ist nicht gestattet.<\/p>\n\n","protected":false},"excerpt":{"rendered":"<p>Angaben gem. \u00a7 5 TMG, \u00a7 55 RStV Verantwortlich f\u00fcr den Inhalt dieser Website: Annapurna Stiftung&nbsp;&nbsp;&nbsp;&nbsp; c\/oG\u00f6hmann Rechtsanw\u00e4lte Wachtstra\u00dfe 17-2428195 BremenGermany Telefon +49 &#8211; (0)421 &#8211; 339530E-Mail: info@annapurna-stiftung.de Die Annapurna Stiftung ist eine rechtsf\u00e4hige Stiftung b\u00fcrgerlichen Rechts und verfolgt ausschlie\u00dflich gemeinn\u00fctzige und mildt\u00e4tige Zwecke. Rechtsf\u00e4hige Stiftung seit dem 19.12.2005. &nbsp; Stiftungsaufsicht:Senator f\u00fcr das Innere, Freie und Hansestadt Bremen Vorstand:Herr Rechtsanwalt Gerhard RischbieterHerr Ali Bindernagel Beirat:Frau Verena Soguel-BindernagelFrau Elisabeth W\u00fcthrich Frau Rebekka Nicolini Herr Dr. Marcus Nicolini &nbsp; Haftungshinweise: Die Annapurna&#8230;<\/p>\n<p class=\"read-more\"><a class=\"btn btn-default\" href=\"http:\/\/annapurna-stiftung.de\/index.php\/impressum\/\">Weiterlesen<span class=\"screen-reader-text\"> Weiterlesen<\/span><\/a><\/p>\n","protected":false},"author":1,"featured_media":0,"parent":0,"menu_order":0,"comment_status":"closed","ping_status":"closed","template":"","meta":{"ngg_post_thumbnail":0},"_links":{"self":[{"href":"http:\/\/annapurna-stiftung.de\/index.php\/wp-json\/wp\/v2\/pages\/240"}],"collection":[{"href":"http:\/\/annapurna-stiftung.de\/index.php\/wp-json\/wp\/v2\/pages"}],"about":[{"href":"http:\/\/annapurna-stiftung.de\/index.php\/wp-json\/wp\/v2\/types\/page"}],"author":[{"embeddable":true,"href":"http:\/\/annapurna-stiftung.de\/index.php\/wp-json\/wp\/v2\/users\/1"}],"replies":[{"embeddable":true,"href":"http:\/\/annapurna-stiftung.de\/index.php\/wp-json\/wp\/v2\/comments?post=240"}],"version-history":[{"count":15,"href":"http:\/\/annapurna-stiftung.de\/index.php\/wp-json\/wp\/v2\/pages\/240\/revisions"}],"predecessor-version":[{"id":6361,"href":"http:\/\/annapurna-stiftung.de\/index.php\/wp-json\/wp\/v2\/pages\/240\/revisions\/6361"}],"wp:attachment":[{"href":"http:\/\/annapurna-stiftung.de\/index.php\/wp-json\/wp\/v2\/media?parent=240"}],"curies":[{"name":"wp","href":"https:\/\/api.w.org\/{rel}","templated":true}]}}