{"id":58,"date":"2018-04-17T14:57:22","date_gmt":"2018-04-17T12:57:22","guid":{"rendered":"http:\/\/annapurna-stiftung.de\/wordpress\/?page_id=58"},"modified":"2019-12-16T21:42:11","modified_gmt":"2019-12-16T20:42:11","slug":"2013-2","status":"publish","type":"page","link":"http:\/\/annapurna-stiftung.de\/index.php\/2013-2\/","title":{"rendered":"2013"},"content":{"rendered":"<h4>08. Dezember 2013<\/h4>\n<p>Medical Camp in einem Stadtteil von Mysore (Gandhi Nager). Hauptzielgruppe f\u00fcr die Unterst\u00fctzung ist die &#8222;Shedul&#8220; Kaste der Unber\u00fchrbaren, die das schw\u00e4chste Glied in der hinduistischen Kasten Hierarchie darstellt. Orthop\u00e4die, Allgemeinmedizin und Diabetesuntersuchung.<\/p>\n<p><img loading=\"lazy\" class=\"aligncenter wp-image-148 size-full\" src=\"http:\/\/annapurna-stiftung.de\/wordpress\/wp-content\/uploads\/Function-08.12.13.jpg\" alt=\"\" width=\"900\" height=\"111\" srcset=\"http:\/\/annapurna-stiftung.de\/wp-content\/uploads\/Function-08.12.13.jpg 900w, http:\/\/annapurna-stiftung.de\/wp-content\/uploads\/Function-08.12.13-300x37.jpg 300w, http:\/\/annapurna-stiftung.de\/wp-content\/uploads\/Function-08.12.13-768x95.jpg 768w, http:\/\/annapurna-stiftung.de\/wp-content\/uploads\/Function-08.12.13-604x74.jpg 604w\" sizes=\"(max-width: 900px) 100vw, 900px\" \/><\/p>\n<hr>\n<h4>04. November 2013<\/h4>\n<p>Medical Camp in einem Slum bei Mysore (Manjunathpura BBcary-slum). Hauptschwerpunkte: Allgemeinmedizin, Hals-Nasen-Ohren Erkrankungen. Die Annapurna Stiftung und das World Peace Centre Mysore engagieren&nbsp;sich besonders den untersten Kasten, den Frauen, den Kindern und Behinderten Hilfe zukommen zu lassen.<\/p>\n<p><img loading=\"lazy\" class=\"aligncenter size-full wp-image-145\" src=\"http:\/\/annapurna-stiftung.de\/wordpress\/wp-content\/uploads\/Function-04.11.13.jpg\" alt=\"\" width=\"900\" height=\"111\" srcset=\"http:\/\/annapurna-stiftung.de\/wp-content\/uploads\/Function-04.11.13.jpg 900w, http:\/\/annapurna-stiftung.de\/wp-content\/uploads\/Function-04.11.13-300x37.jpg 300w, http:\/\/annapurna-stiftung.de\/wp-content\/uploads\/Function-04.11.13-768x95.jpg 768w, http:\/\/annapurna-stiftung.de\/wp-content\/uploads\/Function-04.11.13-604x74.jpg 604w\" sizes=\"(max-width: 900px) 100vw, 900px\" \/><\/p>\n<hr>\n<h4>11.-12. Oktober 2013<\/h4>\n<p>Navaratri Feierlichkeiten. Das hinduistische Kultfest gipfelt im Dusserafest am 14.Oktober. Zu Ehen der indischen Nationalfeiertage wurden im WPC Mysore viele hilfsbed\u00fcrftige Menschen bek\u00f6stigt und unterhalten.<\/p>\n<p><img loading=\"lazy\" class=\"aligncenter size-full wp-image-149\" src=\"http:\/\/annapurna-stiftung.de\/wordpress\/wp-content\/uploads\/Function-11.10.13.jpg\" alt=\"\" width=\"900\" height=\"111\" srcset=\"http:\/\/annapurna-stiftung.de\/wp-content\/uploads\/Function-11.10.13.jpg 900w, http:\/\/annapurna-stiftung.de\/wp-content\/uploads\/Function-11.10.13-300x37.jpg 300w, http:\/\/annapurna-stiftung.de\/wp-content\/uploads\/Function-11.10.13-768x95.jpg 768w, http:\/\/annapurna-stiftung.de\/wp-content\/uploads\/Function-11.10.13-604x74.jpg 604w\" sizes=\"(max-width: 900px) 100vw, 900px\" \/><\/p>\n<hr>\n<h4>03. Oktober 2013<\/h4>\n<p>Medical Camp&nbsp;<span lang=\"DE-CH\">in der Innenstadt von Mysore. Hauptschwerpunkte: Asthma, Diabetes und allgemeine Medizin.&nbsp;<\/span><span lang=\"DE-CH\">In diesem slum\u00e4hnlichen Gebiet nahe des Ortes Gurur, wurden wieder mehr als 400 Menschen, davon viele Schulklassen, untersucht und medizinisch behandelt.<\/span><\/p>\n<p><img loading=\"lazy\" class=\"aligncenter size-full wp-image-144\" src=\"http:\/\/annapurna-stiftung.de\/wordpress\/wp-content\/uploads\/Function-03.10.13.jpg\" alt=\"\" width=\"900\" height=\"111\" srcset=\"http:\/\/annapurna-stiftung.de\/wp-content\/uploads\/Function-03.10.13.jpg 900w, http:\/\/annapurna-stiftung.de\/wp-content\/uploads\/Function-03.10.13-300x37.jpg 300w, http:\/\/annapurna-stiftung.de\/wp-content\/uploads\/Function-03.10.13-768x95.jpg 768w, http:\/\/annapurna-stiftung.de\/wp-content\/uploads\/Function-03.10.13-604x74.jpg 604w\" sizes=\"(max-width: 900px) 100vw, 900px\" \/><\/p>\n<hr>\n<h4>08. September 2013<\/h4>\n<p>Medical Camp&nbsp;<span lang=\"DE-CH\">in der Innenstadt von Mysore Manjunathapura, Medar Block, Gokulam 4th Stage. Orthop\u00e4die und allgemeine Medizin&nbsp;<\/span><span lang=\"DE-CH\">. In diesem slum\u00e4hnlichen Gebiet wurden mehr als 400 Menschen untersucht und medizinisch behandelt.<\/span><\/p>\n<p><img loading=\"lazy\" class=\"aligncenter size-full wp-image-147\" src=\"http:\/\/annapurna-stiftung.de\/wordpress\/wp-content\/uploads\/Function-08.09.13.jpg\" alt=\"\" width=\"900\" height=\"111\" srcset=\"http:\/\/annapurna-stiftung.de\/wp-content\/uploads\/Function-08.09.13.jpg 900w, http:\/\/annapurna-stiftung.de\/wp-content\/uploads\/Function-08.09.13-300x37.jpg 300w, http:\/\/annapurna-stiftung.de\/wp-content\/uploads\/Function-08.09.13-768x95.jpg 768w, http:\/\/annapurna-stiftung.de\/wp-content\/uploads\/Function-08.09.13-604x74.jpg 604w\" sizes=\"(max-width: 900px) 100vw, 900px\" \/><\/p>\n<hr>\n<h4>31. August 2013<\/h4>\n<p>Medical Camp in einem Slum in Mysore. Themenschwerpunkte: Diabetes und Hals-, Nasen-, Ohrenerkrankungen (in Zusammenarbeit mit Arzneimittelherstellern und \u00f6rtlichen \u00c4rzten)<\/p>\n<p><img loading=\"lazy\" class=\"aligncenter size-full wp-image-160\" src=\"http:\/\/annapurna-stiftung.de\/wordpress\/wp-content\/uploads\/Function-31.08.13.jpg\" alt=\"\" width=\"900\" height=\"111\" srcset=\"http:\/\/annapurna-stiftung.de\/wp-content\/uploads\/Function-31.08.13.jpg 900w, http:\/\/annapurna-stiftung.de\/wp-content\/uploads\/Function-31.08.13-300x37.jpg 300w, http:\/\/annapurna-stiftung.de\/wp-content\/uploads\/Function-31.08.13-768x95.jpg 768w, http:\/\/annapurna-stiftung.de\/wp-content\/uploads\/Function-31.08.13-604x74.jpg 604w\" sizes=\"(max-width: 900px) 100vw, 900px\" \/><\/p>\n<hr>\n<h4>15. August 2013<\/h4>\n<p>Unterst\u00fctzung von Dorfschulkindern w\u00e4hrend der Feierlichkeiten zum Indischen Unabh\u00e4ngigkeitstag. (Ausgabe von Schulmaterial und Speisen)<\/p>\n<p><img loading=\"lazy\" class=\"aligncenter size-full wp-image-151\" src=\"http:\/\/annapurna-stiftung.de\/wordpress\/wp-content\/uploads\/Function-15.08.13.jpg\" alt=\"\" width=\"900\" height=\"111\" srcset=\"http:\/\/annapurna-stiftung.de\/wp-content\/uploads\/Function-15.08.13.jpg 900w, http:\/\/annapurna-stiftung.de\/wp-content\/uploads\/Function-15.08.13-300x37.jpg 300w, http:\/\/annapurna-stiftung.de\/wp-content\/uploads\/Function-15.08.13-768x95.jpg 768w, http:\/\/annapurna-stiftung.de\/wp-content\/uploads\/Function-15.08.13-604x74.jpg 604w\" sizes=\"(max-width: 900px) 100vw, 900px\" \/><\/p>\n<hr>\n<h4>08. August 2013<\/h4>\n<p>Unterst\u00fctzung eines l\u00e4ndlichen Krankenhauses mit Aufbaumedikamenten f\u00fcr Schwangere (in Zusammenarbeit mit Arzneimittelherstellern und \u00f6rtlichen \u00c4rzten)<\/p>\n<p><img loading=\"lazy\" class=\"aligncenter size-full wp-image-146\" src=\"http:\/\/annapurna-stiftung.de\/wordpress\/wp-content\/uploads\/Function-08.08.13.jpg\" alt=\"\" width=\"900\" height=\"111\" srcset=\"http:\/\/annapurna-stiftung.de\/wp-content\/uploads\/Function-08.08.13.jpg 900w, http:\/\/annapurna-stiftung.de\/wp-content\/uploads\/Function-08.08.13-300x37.jpg 300w, http:\/\/annapurna-stiftung.de\/wp-content\/uploads\/Function-08.08.13-768x95.jpg 768w, http:\/\/annapurna-stiftung.de\/wp-content\/uploads\/Function-08.08.13-604x74.jpg 604w\" sizes=\"(max-width: 900px) 100vw, 900px\" \/><\/p>\n<hr>\n<h4>20. Juli 2013<\/h4>\n<p>Medical Camp in einem Slum in Mysore (in Zusammenarbeit mit Arzneimittelherstellern und \u00f6rtlichen \u00c4rzten)<\/p>\n<p><img loading=\"lazy\" class=\"aligncenter size-full wp-image-155\" src=\"http:\/\/annapurna-stiftung.de\/wordpress\/wp-content\/uploads\/Function-24.07.13.jpg\" alt=\"\" width=\"900\" height=\"111\" srcset=\"http:\/\/annapurna-stiftung.de\/wp-content\/uploads\/Function-24.07.13.jpg 900w, http:\/\/annapurna-stiftung.de\/wp-content\/uploads\/Function-24.07.13-300x37.jpg 300w, http:\/\/annapurna-stiftung.de\/wp-content\/uploads\/Function-24.07.13-768x95.jpg 768w, http:\/\/annapurna-stiftung.de\/wp-content\/uploads\/Function-24.07.13-604x74.jpg 604w\" sizes=\"(max-width: 900px) 100vw, 900px\" \/><\/p>\n<hr>\n<h4>24. Juni 2013<\/h4>\n<p>Medical Camp mit Schwerpunkt Seh- und H\u00f6rschw\u00e4che (in Zusammenarbeit mit Arzneimittelherstellern und \u00f6rtlichen \u00c4rzten)<\/p>\n<p><img loading=\"lazy\" class=\"aligncenter size-full wp-image-154\" src=\"http:\/\/annapurna-stiftung.de\/wordpress\/wp-content\/uploads\/Function-24.06.13.jpg\" alt=\"\" width=\"900\" height=\"111\" srcset=\"http:\/\/annapurna-stiftung.de\/wp-content\/uploads\/Function-24.06.13.jpg 900w, http:\/\/annapurna-stiftung.de\/wp-content\/uploads\/Function-24.06.13-300x37.jpg 300w, http:\/\/annapurna-stiftung.de\/wp-content\/uploads\/Function-24.06.13-768x95.jpg 768w, http:\/\/annapurna-stiftung.de\/wp-content\/uploads\/Function-24.06.13-604x74.jpg 604w\" sizes=\"(max-width: 900px) 100vw, 900px\" \/><\/p>\n<hr>\n<h4>12. Juni 2013<\/h4>\n<p>Medical Camp mit Schwerpunkt Erkrankungen der Atemwege (in Zusammenarbeit mit Arzneimittelherstellern und \u00f6rtlichen Krankenh\u00e4usern)<\/p>\n<p><img loading=\"lazy\" class=\"aligncenter size-full wp-image-150\" src=\"http:\/\/annapurna-stiftung.de\/wordpress\/wp-content\/uploads\/Function-12.06.13.jpg\" alt=\"\" width=\"900\" height=\"111\" srcset=\"http:\/\/annapurna-stiftung.de\/wp-content\/uploads\/Function-12.06.13.jpg 900w, http:\/\/annapurna-stiftung.de\/wp-content\/uploads\/Function-12.06.13-300x37.jpg 300w, http:\/\/annapurna-stiftung.de\/wp-content\/uploads\/Function-12.06.13-768x95.jpg 768w, http:\/\/annapurna-stiftung.de\/wp-content\/uploads\/Function-12.06.13-604x74.jpg 604w\" sizes=\"(max-width: 900px) 100vw, 900px\" \/><\/p>\n<hr>\n<h4>17. Mai 2013<\/h4>\n<p>Medical Camp mit Schwerpunkt Hals, Nasen, Ohren Erkrankungen (in Zusammenarbeit mit Arzneimittelherstellern und \u00f6rtlichen Krankenh\u00e4usern)<\/p>\n<p><img loading=\"lazy\" class=\"aligncenter size-full wp-image-152\" src=\"http:\/\/annapurna-stiftung.de\/wordpress\/wp-content\/uploads\/Function-17.05.13.jpg\" alt=\"\" width=\"900\" height=\"111\" srcset=\"http:\/\/annapurna-stiftung.de\/wp-content\/uploads\/Function-17.05.13.jpg 900w, http:\/\/annapurna-stiftung.de\/wp-content\/uploads\/Function-17.05.13-300x37.jpg 300w, http:\/\/annapurna-stiftung.de\/wp-content\/uploads\/Function-17.05.13-768x95.jpg 768w, http:\/\/annapurna-stiftung.de\/wp-content\/uploads\/Function-17.05.13-604x74.jpg 604w\" sizes=\"(max-width: 900px) 100vw, 900px\" \/><\/p>\n<hr>\n<h4>29. April 2013<\/h4>\n<p>Medical Camp mit dem Schwerpunkt Herz- und Diabetes Erkrankungen (in Zusammenarbeit mit dem Krebszentrum Mysore und mit indischen Arzneimittelherstellern)<\/p>\n<p><img loading=\"lazy\" class=\"aligncenter size-full wp-image-158\" src=\"http:\/\/annapurna-stiftung.de\/wordpress\/wp-content\/uploads\/Function-29.04.13.jpg\" alt=\"\" width=\"900\" height=\"111\" srcset=\"http:\/\/annapurna-stiftung.de\/wp-content\/uploads\/Function-29.04.13.jpg 900w, http:\/\/annapurna-stiftung.de\/wp-content\/uploads\/Function-29.04.13-300x37.jpg 300w, http:\/\/annapurna-stiftung.de\/wp-content\/uploads\/Function-29.04.13-768x95.jpg 768w, http:\/\/annapurna-stiftung.de\/wp-content\/uploads\/Function-29.04.13-604x74.jpg 604w\" sizes=\"(max-width: 900px) 100vw, 900px\" \/><\/p>\n<hr>\n<h4>25. April 2013<\/h4>\n<p>Einweihungsfeier des Therapie- und Behandlungszimmers sowie des Wassertherapiebeckens im WPC Mysore. Stiftung von Beinprothesen an bed\u00fcrftige Menschen.<\/p>\n<p><img loading=\"lazy\" class=\"aligncenter size-full wp-image-156\" src=\"http:\/\/annapurna-stiftung.de\/wordpress\/wp-content\/uploads\/Function-25.04.13.jpg\" alt=\"\" width=\"900\" height=\"113\" srcset=\"http:\/\/annapurna-stiftung.de\/wp-content\/uploads\/Function-25.04.13.jpg 900w, http:\/\/annapurna-stiftung.de\/wp-content\/uploads\/Function-25.04.13-300x38.jpg 300w, http:\/\/annapurna-stiftung.de\/wp-content\/uploads\/Function-25.04.13-768x96.jpg 768w, http:\/\/annapurna-stiftung.de\/wp-content\/uploads\/Function-25.04.13-604x76.jpg 604w\" sizes=\"(max-width: 900px) 100vw, 900px\" \/><\/p>\n","protected":false},"excerpt":{"rendered":"<p>08. Dezember 2013 Medical Camp in einem Stadtteil von Mysore (Gandhi Nager). Hauptzielgruppe f\u00fcr die Unterst\u00fctzung ist die &#8222;Shedul&#8220; Kaste der Unber\u00fchrbaren, die das schw\u00e4chste Glied in der hinduistischen Kasten Hierarchie darstellt. Orthop\u00e4die, Allgemeinmedizin und Diabetesuntersuchung. 04. November 2013 Medical Camp in einem Slum bei Mysore (Manjunathpura BBcary-slum). Hauptschwerpunkte: Allgemeinmedizin, Hals-Nasen-Ohren Erkrankungen. Die Annapurna Stiftung und das World Peace Centre Mysore engagieren&nbsp;sich besonders den untersten Kasten, den Frauen, den Kindern und Behinderten Hilfe zukommen zu lassen. 11.-12. Oktober 2013 Navaratri&#8230;<\/p>\n<p class=\"read-more\"><a class=\"btn btn-default\" href=\"http:\/\/annapurna-stiftung.de\/index.php\/2013-2\/\">Weiterlesen<span class=\"screen-reader-text\"> Weiterlesen<\/span><\/a><\/p>\n","protected":false},"author":1,"featured_media":0,"parent":0,"menu_order":0,"comment_status":"closed","ping_status":"closed","template":"","meta":{"ngg_post_thumbnail":0},"_links":{"self":[{"href":"http:\/\/annapurna-stiftung.de\/index.php\/wp-json\/wp\/v2\/pages\/58"}],"collection":[{"href":"http:\/\/annapurna-stiftung.de\/index.php\/wp-json\/wp\/v2\/pages"}],"about":[{"href":"http:\/\/annapurna-stiftung.de\/index.php\/wp-json\/wp\/v2\/types\/page"}],"author":[{"embeddable":true,"href":"http:\/\/annapurna-stiftung.de\/index.php\/wp-json\/wp\/v2\/users\/1"}],"replies":[{"embeddable":true,"href":"http:\/\/annapurna-stiftung.de\/index.php\/wp-json\/wp\/v2\/comments?post=58"}],"version-history":[{"count":13,"href":"http:\/\/annapurna-stiftung.de\/index.php\/wp-json\/wp\/v2\/pages\/58\/revisions"}],"predecessor-version":[{"id":1082,"href":"http:\/\/annapurna-stiftung.de\/index.php\/wp-json\/wp\/v2\/pages\/58\/revisions\/1082"}],"wp:attachment":[{"href":"http:\/\/annapurna-stiftung.de\/index.php\/wp-json\/wp\/v2\/media?parent=58"}],"curies":[{"name":"wp","href":"https:\/\/api.w.org\/{rel}","templated":true}]}}