{"id":60,"date":"2018-04-17T14:57:32","date_gmt":"2018-04-17T12:57:32","guid":{"rendered":"http:\/\/annapurna-stiftung.de\/wordpress\/?page_id=60"},"modified":"2018-04-20T13:11:55","modified_gmt":"2018-04-20T11:11:55","slug":"2014-2","status":"publish","type":"page","link":"http:\/\/annapurna-stiftung.de\/index.php\/2014-2\/","title":{"rendered":"2014"},"content":{"rendered":"<h4>31. Dezember 2014<\/h4>\n<p style=\"text-align: left;\">Medical Camp in der Urdu Schule (Mysore in der N\u00e4he von Metagalli).\u00a0Allgemeinmedizinische Untersuchungen f\u00fcr moslemische Schulkinder.<\/p>\n<p><img loading=\"lazy\" class=\"aligncenter size-full wp-image-164\" src=\"http:\/\/annapurna-stiftung.de\/wordpress\/wp-content\/uploads\/Function-Dezember-2014.jpg\" alt=\"\" width=\"900\" height=\"111\" srcset=\"http:\/\/annapurna-stiftung.de\/wp-content\/uploads\/Function-Dezember-2014.jpg 900w, http:\/\/annapurna-stiftung.de\/wp-content\/uploads\/Function-Dezember-2014-300x37.jpg 300w, http:\/\/annapurna-stiftung.de\/wp-content\/uploads\/Function-Dezember-2014-768x95.jpg 768w, http:\/\/annapurna-stiftung.de\/wp-content\/uploads\/Function-Dezember-2014-604x74.jpg 604w\" sizes=\"(max-width: 900px) 100vw, 900px\" \/><\/p>\n<hr \/>\n<h4>20. November 2014<\/h4>\n<p style=\"text-align: left;\">Medical Camp in einem slum in Mysore\u00a0&#8220; hinter R.M.C. &#8211; nahe Bamboo Baazaar&#8220;.\u00a0Allgemeinmedizinische Untersuchungen f\u00fcr bed\u00fcrftige Erwachsene und Kinder.<\/p>\n<p><img loading=\"lazy\" class=\"aligncenter size-full wp-image-170\" src=\"http:\/\/annapurna-stiftung.de\/wordpress\/wp-content\/uploads\/Function-November-2014.jpg\" alt=\"\" width=\"900\" height=\"111\" srcset=\"http:\/\/annapurna-stiftung.de\/wp-content\/uploads\/Function-November-2014.jpg 900w, http:\/\/annapurna-stiftung.de\/wp-content\/uploads\/Function-November-2014-300x37.jpg 300w, http:\/\/annapurna-stiftung.de\/wp-content\/uploads\/Function-November-2014-768x95.jpg 768w, http:\/\/annapurna-stiftung.de\/wp-content\/uploads\/Function-November-2014-604x74.jpg 604w\" sizes=\"(max-width: 900px) 100vw, 900px\" \/><\/p>\n<hr \/>\n<h4>31. Oktober 2014<\/h4>\n<p style=\"text-align: left;\">Medical Camp in einem armen Stadtteil von Mysore (Sai Baba Slum Colony in Bannimanthap, Mysore).\u00a0Allgemeinmedizinische Untersuchungen f\u00fcr bed\u00fcrftige Erwachsene und Kinder.<\/p>\n<p><img loading=\"lazy\" class=\"aligncenter size-full wp-image-171\" src=\"http:\/\/annapurna-stiftung.de\/wordpress\/wp-content\/uploads\/Function-Oktober-2014.jpg\" alt=\"\" width=\"900\" height=\"111\" srcset=\"http:\/\/annapurna-stiftung.de\/wp-content\/uploads\/Function-Oktober-2014.jpg 900w, http:\/\/annapurna-stiftung.de\/wp-content\/uploads\/Function-Oktober-2014-300x37.jpg 300w, http:\/\/annapurna-stiftung.de\/wp-content\/uploads\/Function-Oktober-2014-768x95.jpg 768w, http:\/\/annapurna-stiftung.de\/wp-content\/uploads\/Function-Oktober-2014-604x74.jpg 604w\" sizes=\"(max-width: 900px) 100vw, 900px\" \/><\/p>\n<hr \/>\n<h4>30. September 2014<\/h4>\n<p style=\"text-align: left;\">Medical Camp in einem armen Stadtteil von Mysore der haupts\u00e4chlich von Moslems bewohnt wird (Mentagalli Colony Mysore).\u00a0Allgemeinmedizinische Untersuchungen f\u00fcr bed\u00fcrftige Erwachsene und Kinder.<\/p>\n<p><img loading=\"lazy\" class=\"aligncenter size-full wp-image-172\" src=\"http:\/\/annapurna-stiftung.de\/wordpress\/wp-content\/uploads\/Function-September-2014.jpg\" alt=\"\" width=\"900\" height=\"111\" srcset=\"http:\/\/annapurna-stiftung.de\/wp-content\/uploads\/Function-September-2014.jpg 900w, http:\/\/annapurna-stiftung.de\/wp-content\/uploads\/Function-September-2014-300x37.jpg 300w, http:\/\/annapurna-stiftung.de\/wp-content\/uploads\/Function-September-2014-768x95.jpg 768w, http:\/\/annapurna-stiftung.de\/wp-content\/uploads\/Function-September-2014-604x74.jpg 604w\" sizes=\"(max-width: 900px) 100vw, 900px\" \/><\/p>\n<hr \/>\n<h4>31. August 2014<\/h4>\n<p style=\"text-align: left;\">Medical Camp in Mysore<\/p>\n<p><img loading=\"lazy\" class=\"aligncenter size-full wp-image-163\" src=\"http:\/\/annapurna-stiftung.de\/wordpress\/wp-content\/uploads\/Function-August-2014.jpg\" alt=\"\" width=\"900\" height=\"111\" srcset=\"http:\/\/annapurna-stiftung.de\/wp-content\/uploads\/Function-August-2014.jpg 900w, http:\/\/annapurna-stiftung.de\/wp-content\/uploads\/Function-August-2014-300x37.jpg 300w, http:\/\/annapurna-stiftung.de\/wp-content\/uploads\/Function-August-2014-768x95.jpg 768w, http:\/\/annapurna-stiftung.de\/wp-content\/uploads\/Function-August-2014-604x74.jpg 604w\" sizes=\"(max-width: 900px) 100vw, 900px\" \/><\/p>\n<hr \/>\n<h4>15. August 2014<\/h4>\n<p style=\"text-align: left;\">Feierlichkeiten zum Indischen Unabh\u00e4ngigkeitstag. Verteilung von Schulmaterial an Schulklassen und Bek\u00f6stigung von Schulklassen.<\/p>\n<p><img loading=\"lazy\" class=\"aligncenter size-full wp-image-176\" src=\"http:\/\/annapurna-stiftung.de\/wordpress\/wp-content\/uploads\/Independance-day-2014.jpg\" alt=\"\" width=\"900\" height=\"111\" srcset=\"http:\/\/annapurna-stiftung.de\/wp-content\/uploads\/Independance-day-2014.jpg 900w, http:\/\/annapurna-stiftung.de\/wp-content\/uploads\/Independance-day-2014-300x37.jpg 300w, http:\/\/annapurna-stiftung.de\/wp-content\/uploads\/Independance-day-2014-768x95.jpg 768w, http:\/\/annapurna-stiftung.de\/wp-content\/uploads\/Independance-day-2014-604x74.jpg 604w\" sizes=\"(max-width: 900px) 100vw, 900px\" \/><\/p>\n<hr \/>\n<h4>12. Juni 2014<\/h4>\n<p style=\"text-align: left;\">Medical Camp in einem sehr armen Stadteil von Mysore (Manti Slum, Mysore). Allgemeinmedizinische Untersuchungen f\u00fcr Obdachlose und Arbeitslose der untersten Kasten die keine Hilfe vom Staat erhalten.<\/p>\n<p><img loading=\"lazy\" class=\"aligncenter size-full wp-image-167\" src=\"http:\/\/annapurna-stiftung.de\/wordpress\/wp-content\/uploads\/Function-June14.jpg\" alt=\"\" width=\"900\" height=\"111\" srcset=\"http:\/\/annapurna-stiftung.de\/wp-content\/uploads\/Function-June14.jpg 900w, http:\/\/annapurna-stiftung.de\/wp-content\/uploads\/Function-June14-300x37.jpg 300w, http:\/\/annapurna-stiftung.de\/wp-content\/uploads\/Function-June14-768x95.jpg 768w, http:\/\/annapurna-stiftung.de\/wp-content\/uploads\/Function-June14-604x74.jpg 604w\" sizes=\"(max-width: 900px) 100vw, 900px\" \/><\/p>\n<hr \/>\n<h4>18. Mai 2014<\/h4>\n<p style=\"text-align: left;\">Medical Camp in einem sehr armen Stadteil von Mysore (Yadavagiri area, Valmiki\u00a0 Colony). Allgemeinmedizinische Untersuchungen und Hausbesuche waren diesmal die Schwerpunkte.<\/p>\n<p><img loading=\"lazy\" class=\"aligncenter size-full wp-image-169\" src=\"http:\/\/annapurna-stiftung.de\/wordpress\/wp-content\/uploads\/Function-May14.jpg\" alt=\"\" width=\"900\" height=\"111\" srcset=\"http:\/\/annapurna-stiftung.de\/wp-content\/uploads\/Function-May14.jpg 900w, http:\/\/annapurna-stiftung.de\/wp-content\/uploads\/Function-May14-300x37.jpg 300w, http:\/\/annapurna-stiftung.de\/wp-content\/uploads\/Function-May14-768x95.jpg 768w, http:\/\/annapurna-stiftung.de\/wp-content\/uploads\/Function-May14-604x74.jpg 604w\" sizes=\"(max-width: 900px) 100vw, 900px\" \/><\/p>\n<hr \/>\n<h4>23. April 2014<\/h4>\n<p style=\"text-align: left;\">Medical Camp in einem sehr armen Stadteil von Mysore mit Namen Vande Matharam Slum Colony Banni Mantap. Allgemeinmedizin and ENT waren die Schwerpunkte der Untersuchungen.<\/p>\n<p><img loading=\"lazy\" class=\"aligncenter size-full wp-image-161\" src=\"http:\/\/annapurna-stiftung.de\/wordpress\/wp-content\/uploads\/Function-April14.jpg\" alt=\"\" width=\"900\" height=\"111\" srcset=\"http:\/\/annapurna-stiftung.de\/wp-content\/uploads\/Function-April14.jpg 900w, http:\/\/annapurna-stiftung.de\/wp-content\/uploads\/Function-April14-300x37.jpg 300w, http:\/\/annapurna-stiftung.de\/wp-content\/uploads\/Function-April14-768x95.jpg 768w, http:\/\/annapurna-stiftung.de\/wp-content\/uploads\/Function-April14-604x74.jpg 604w\" sizes=\"(max-width: 900px) 100vw, 900px\" \/><\/p>\n<hr \/>\n<h4>30. M\u00e4rz 2014<\/h4>\n<p style=\"text-align: left;\">Drittes Medical Camp im Stadtteil Kesare Kurrimandi (Mysore) welches an die Camps vom Januar und Februar am gleichen Ort wegen der gro\u00dfen Nachfrage anschloss. Das WPC organisierte ein Camp mit dem Hauptschwerpunkt Herz- und Kreislauf Erkrankungen. Diesmal im \u00e4rmsten Teil der Slums dieser Gegend. Die Menschen sind \u00fcbergl\u00fccklich Hilfe und Aufmerksamkeit zu erfahren.<\/p>\n<p><img loading=\"lazy\" class=\"aligncenter size-full wp-image-159\" src=\"http:\/\/annapurna-stiftung.de\/wordpress\/wp-content\/uploads\/Function-30.03.14.jpg\" alt=\"\" width=\"900\" height=\"111\" srcset=\"http:\/\/annapurna-stiftung.de\/wp-content\/uploads\/Function-30.03.14.jpg 900w, http:\/\/annapurna-stiftung.de\/wp-content\/uploads\/Function-30.03.14-300x37.jpg 300w, http:\/\/annapurna-stiftung.de\/wp-content\/uploads\/Function-30.03.14-768x95.jpg 768w, http:\/\/annapurna-stiftung.de\/wp-content\/uploads\/Function-30.03.14-604x74.jpg 604w\" sizes=\"(max-width: 900px) 100vw, 900px\" \/><\/p>\n<hr \/>\n<h4>25. Februar 2014<\/h4>\n<p style=\"text-align: left;\">Zweites Medical Camp im Stadtteil Kesare Kurrimandi (Mysore) welches an das Camp vom Januar am gleichen Ort wegen der gro\u00dfen Nachfrage anschloss. Es kamen wieder sehr viele Familien. Die medizinischen Untersuchungen und die Versorgung mit Medikamenten durch die Annapurna Stiftung und das World Peace Centre sprechen sich immer weiter rum.<\/p>\n<p><img loading=\"lazy\" class=\"aligncenter size-full wp-image-157\" src=\"http:\/\/annapurna-stiftung.de\/wordpress\/wp-content\/uploads\/Function-25Feb2014.jpg\" alt=\"\" width=\"900\" height=\"111\" srcset=\"http:\/\/annapurna-stiftung.de\/wp-content\/uploads\/Function-25Feb2014.jpg 900w, http:\/\/annapurna-stiftung.de\/wp-content\/uploads\/Function-25Feb2014-300x37.jpg 300w, http:\/\/annapurna-stiftung.de\/wp-content\/uploads\/Function-25Feb2014-768x95.jpg 768w, http:\/\/annapurna-stiftung.de\/wp-content\/uploads\/Function-25Feb2014-604x74.jpg 604w\" sizes=\"(max-width: 900px) 100vw, 900px\" \/><\/p>\n<hr \/>\n<h4>23. Januar 2014<\/h4>\n<p style=\"text-align: left;\">Medical Camp im Stadtteil Kesare Kurrimandi (Mysore). Camp in einem Slumgebiet der Stadt Mysore. Es kamen sehr viele Familien. Die medizinischen Untersuchungen und die Versorgung mit Medikamenten durch die Annapurna Stiftung und das World Peace Centre sprechen sich immer weiter rum. Keine gemeinn\u00fctzige Einrichtung in Mysore unternimmt gr\u00f6\u00dfere Hilfsma\u00dfnahmen.<\/p>\n<p><img loading=\"lazy\" class=\"aligncenter size-full wp-image-153\" src=\"http:\/\/annapurna-stiftung.de\/wordpress\/wp-content\/uploads\/Function-23Jan2014.jpg\" alt=\"\" width=\"900\" height=\"111\" srcset=\"http:\/\/annapurna-stiftung.de\/wp-content\/uploads\/Function-23Jan2014.jpg 900w, http:\/\/annapurna-stiftung.de\/wp-content\/uploads\/Function-23Jan2014-300x37.jpg 300w, http:\/\/annapurna-stiftung.de\/wp-content\/uploads\/Function-23Jan2014-768x95.jpg 768w, http:\/\/annapurna-stiftung.de\/wp-content\/uploads\/Function-23Jan2014-604x74.jpg 604w\" sizes=\"(max-width: 900px) 100vw, 900px\" \/><\/p>\n","protected":false},"excerpt":{"rendered":"<p>31. Dezember 2014 Medical Camp in der Urdu Schule (Mysore in der N\u00e4he von Metagalli).\u00a0Allgemeinmedizinische Untersuchungen f\u00fcr moslemische Schulkinder. 20. November 2014 Medical Camp in einem slum in Mysore\u00a0&#8220; hinter R.M.C. &#8211; nahe Bamboo Baazaar&#8220;.\u00a0Allgemeinmedizinische Untersuchungen f\u00fcr bed\u00fcrftige Erwachsene und Kinder. 31. Oktober 2014 Medical Camp in einem armen Stadtteil von Mysore (Sai Baba Slum Colony in Bannimanthap, Mysore).\u00a0Allgemeinmedizinische Untersuchungen f\u00fcr bed\u00fcrftige Erwachsene und Kinder. 30. September 2014 Medical Camp in einem armen Stadtteil von Mysore der haupts\u00e4chlich von Moslems&#8230;<\/p>\n<p class=\"read-more\"><a class=\"btn btn-default\" href=\"http:\/\/annapurna-stiftung.de\/index.php\/2014-2\/\">Weiterlesen<span class=\"screen-reader-text\"> Weiterlesen<\/span><\/a><\/p>\n","protected":false},"author":1,"featured_media":0,"parent":0,"menu_order":0,"comment_status":"closed","ping_status":"closed","template":"","meta":{"ngg_post_thumbnail":0},"_links":{"self":[{"href":"http:\/\/annapurna-stiftung.de\/index.php\/wp-json\/wp\/v2\/pages\/60"}],"collection":[{"href":"http:\/\/annapurna-stiftung.de\/index.php\/wp-json\/wp\/v2\/pages"}],"about":[{"href":"http:\/\/annapurna-stiftung.de\/index.php\/wp-json\/wp\/v2\/types\/page"}],"author":[{"embeddable":true,"href":"http:\/\/annapurna-stiftung.de\/index.php\/wp-json\/wp\/v2\/users\/1"}],"replies":[{"embeddable":true,"href":"http:\/\/annapurna-stiftung.de\/index.php\/wp-json\/wp\/v2\/comments?post=60"}],"version-history":[{"count":7,"href":"http:\/\/annapurna-stiftung.de\/index.php\/wp-json\/wp\/v2\/pages\/60\/revisions"}],"predecessor-version":[{"id":225,"href":"http:\/\/annapurna-stiftung.de\/index.php\/wp-json\/wp\/v2\/pages\/60\/revisions\/225"}],"wp:attachment":[{"href":"http:\/\/annapurna-stiftung.de\/index.php\/wp-json\/wp\/v2\/media?parent=60"}],"curies":[{"name":"wp","href":"https:\/\/api.w.org\/{rel}","templated":true}]}}