{"id":62,"date":"2018-04-17T14:57:46","date_gmt":"2018-04-17T12:57:46","guid":{"rendered":"http:\/\/annapurna-stiftung.de\/wordpress\/?page_id=62"},"modified":"2018-04-20T16:22:51","modified_gmt":"2018-04-20T14:22:51","slug":"2015-2","status":"publish","type":"page","link":"http:\/\/annapurna-stiftung.de\/index.php\/2015-2\/","title":{"rendered":"2015"},"content":{"rendered":"<h4 style=\"text-align: left;\">27. Dezember 2015<\/h4>\n<p style=\"text-align: left;\">Medizinisches Camp in einem Slumgebiet in Mysore (Erangamalli-Siddartha Layout im Distrikt Cam Raja). Allgemeinmedizinische\u00a0und kardiologische Untersuchungen f\u00fcr bed\u00fcrftige Erwachsene und Kinder.<\/p>\n<p><img loading=\"lazy\" class=\"aligncenter size-full wp-image-183\" src=\"http:\/\/annapurna-stiftung.de\/wordpress\/wp-content\/uploads\/medical-camp-december-2015.jpg\" alt=\"\" width=\"900\" height=\"111\" srcset=\"http:\/\/annapurna-stiftung.de\/wp-content\/uploads\/medical-camp-december-2015.jpg 900w, http:\/\/annapurna-stiftung.de\/wp-content\/uploads\/medical-camp-december-2015-300x37.jpg 300w, http:\/\/annapurna-stiftung.de\/wp-content\/uploads\/medical-camp-december-2015-768x95.jpg 768w, http:\/\/annapurna-stiftung.de\/wp-content\/uploads\/medical-camp-december-2015-604x74.jpg 604w\" sizes=\"(max-width: 900px) 100vw, 900px\" \/><\/p>\n<hr \/>\n<h4 style=\"text-align: left;\">28. November 2015<\/h4>\n<p style=\"text-align: left;\">Medizinisches Camp in einem Slumgebiet in Mysore. Allgemeinmedizinische\u00a0Untersuchungen und kardiologische Untersuchungen f\u00fcr bed\u00fcrftige Erwachsene und Kinder.<\/p>\n<p><img loading=\"lazy\" class=\"aligncenter size-full wp-image-194\" src=\"http:\/\/annapurna-stiftung.de\/wordpress\/wp-content\/uploads\/medical-camp-november-2015.jpg\" alt=\"\" width=\"900\" height=\"111\" srcset=\"http:\/\/annapurna-stiftung.de\/wp-content\/uploads\/medical-camp-november-2015.jpg 900w, http:\/\/annapurna-stiftung.de\/wp-content\/uploads\/medical-camp-november-2015-300x37.jpg 300w, http:\/\/annapurna-stiftung.de\/wp-content\/uploads\/medical-camp-november-2015-768x95.jpg 768w, http:\/\/annapurna-stiftung.de\/wp-content\/uploads\/medical-camp-november-2015-604x74.jpg 604w\" sizes=\"(max-width: 900px) 100vw, 900px\" \/><\/p>\n<hr \/>\n<h4 style=\"text-align: left;\">13. Oktober 2015<\/h4>\n<p style=\"text-align: left;\">Medizinisches Camp in einem Slumgebiet in Mysore (Abdul Kalam Colony, Sai Baba Colony, bmc Nagar). AllgemeinmedizinischeUntersuchungen, Diabetistests, orthop\u00e4dische Untersuchungen f\u00fcr bed\u00fcrftige Erwachsene und Kinder.<\/p>\n<p><img loading=\"lazy\" class=\"aligncenter size-full wp-image-196\" src=\"http:\/\/annapurna-stiftung.de\/wordpress\/wp-content\/uploads\/medical-camp-october-2015.jpg\" alt=\"\" width=\"900\" height=\"111\" srcset=\"http:\/\/annapurna-stiftung.de\/wp-content\/uploads\/medical-camp-october-2015.jpg 900w, http:\/\/annapurna-stiftung.de\/wp-content\/uploads\/medical-camp-october-2015-300x37.jpg 300w, http:\/\/annapurna-stiftung.de\/wp-content\/uploads\/medical-camp-october-2015-768x95.jpg 768w, http:\/\/annapurna-stiftung.de\/wp-content\/uploads\/medical-camp-october-2015-604x74.jpg 604w\" sizes=\"(max-width: 900px) 100vw, 900px\" \/><\/p>\n<hr \/>\n<h4 style=\"text-align: left;\">21. September 2015<\/h4>\n<p style=\"text-align: left;\">Medizinisches Camp in einem Slumgebiet in Mysore (Udayagiri). Allgemeinmedizinische\u00a0Untersuchungen f\u00fcr bed\u00fcrftige Erwachsene und Kinder.<\/p>\n<p><img loading=\"lazy\" class=\"aligncenter size-full wp-image-198\" src=\"http:\/\/annapurna-stiftung.de\/wordpress\/wp-content\/uploads\/medical-camp-september-2015.jpg\" alt=\"\" width=\"900\" height=\"111\" srcset=\"http:\/\/annapurna-stiftung.de\/wp-content\/uploads\/medical-camp-september-2015.jpg 900w, http:\/\/annapurna-stiftung.de\/wp-content\/uploads\/medical-camp-september-2015-300x37.jpg 300w, http:\/\/annapurna-stiftung.de\/wp-content\/uploads\/medical-camp-september-2015-768x95.jpg 768w, http:\/\/annapurna-stiftung.de\/wp-content\/uploads\/medical-camp-september-2015-604x74.jpg 604w\" sizes=\"(max-width: 900px) 100vw, 900px\" \/><\/p>\n<hr \/>\n<h4 style=\"text-align: left;\">15. August 2015<\/h4>\n<p style=\"text-align: left;\">Indischer Unabh\u00e4ngigkeitstag. Die Schulkinder einer Dorfschule (Kalalavadi) machen Auff\u00fchrungen. Es wird gefeiert und gegessen. Schulsachen werden verteilt. Die Kinder f\u00fchren ein Theaterst\u00fcck aus &#8222;Rama Sita&#8220; auf.<\/p>\n<p><img loading=\"lazy\" class=\"aligncenter size-full wp-image-177\" src=\"http:\/\/annapurna-stiftung.de\/wordpress\/wp-content\/uploads\/independence-day-15-august-2015.jpg\" alt=\"\" width=\"900\" height=\"111\" srcset=\"http:\/\/annapurna-stiftung.de\/wp-content\/uploads\/independence-day-15-august-2015.jpg 900w, http:\/\/annapurna-stiftung.de\/wp-content\/uploads\/independence-day-15-august-2015-300x37.jpg 300w, http:\/\/annapurna-stiftung.de\/wp-content\/uploads\/independence-day-15-august-2015-768x95.jpg 768w, http:\/\/annapurna-stiftung.de\/wp-content\/uploads\/independence-day-15-august-2015-604x74.jpg 604w\" sizes=\"(max-width: 900px) 100vw, 900px\" \/><\/p>\n<hr \/>\n<h4 style=\"text-align: left;\">30. August 2015<\/h4>\n<p style=\"text-align: left;\">Medizinisches Camp in einem Slumgebiet in Mysore (Udayagiri). Allgemeinmedizinische\u00a0Untersuchungen f\u00fcr bed\u00fcrftige Erwachsene und Kinder.\u00a0Hier wohnen zu 90% moslimische Inder.<\/p>\n<p><img loading=\"lazy\" class=\"aligncenter size-full wp-image-181\" src=\"http:\/\/annapurna-stiftung.de\/wordpress\/wp-content\/uploads\/medical-camp-august-2015.jpg\" alt=\"\" width=\"900\" height=\"111\" srcset=\"http:\/\/annapurna-stiftung.de\/wp-content\/uploads\/medical-camp-august-2015.jpg 900w, http:\/\/annapurna-stiftung.de\/wp-content\/uploads\/medical-camp-august-2015-300x37.jpg 300w, http:\/\/annapurna-stiftung.de\/wp-content\/uploads\/medical-camp-august-2015-768x95.jpg 768w, http:\/\/annapurna-stiftung.de\/wp-content\/uploads\/medical-camp-august-2015-604x74.jpg 604w\" sizes=\"(max-width: 900px) 100vw, 900px\" \/><\/p>\n<hr \/>\n<h4 style=\"text-align: left;\">31. Juli 2015<\/h4>\n<p style=\"text-align: left;\">Medizinisches Camp in einem Slumgebiet in Mysore (Shanti Nagar). Allgemeinmedizinische\u00a0Untersuchungen f\u00fcr bed\u00fcrftige Erwachsene und Kinder.\u00a0Die Hilfsaktionen haben bereits einen gro\u00dfen Ruf erlangt, sodass die Vorsteher der Slumgebiete bereits Anfrage zu Camps bei ihnen stellen.<\/p>\n<p><img loading=\"lazy\" class=\"aligncenter size-full wp-image-189\" src=\"http:\/\/annapurna-stiftung.de\/wordpress\/wp-content\/uploads\/medical-camp-july-2015.jpg\" alt=\"\" width=\"900\" height=\"111\" srcset=\"http:\/\/annapurna-stiftung.de\/wp-content\/uploads\/medical-camp-july-2015.jpg 900w, http:\/\/annapurna-stiftung.de\/wp-content\/uploads\/medical-camp-july-2015-300x37.jpg 300w, http:\/\/annapurna-stiftung.de\/wp-content\/uploads\/medical-camp-july-2015-768x95.jpg 768w, http:\/\/annapurna-stiftung.de\/wp-content\/uploads\/medical-camp-july-2015-604x74.jpg 604w\" sizes=\"(max-width: 900px) 100vw, 900px\" \/><\/p>\n<hr \/>\n<h4 style=\"text-align: left;\">26. Mai 2015<\/h4>\n<p style=\"text-align: left;\">Medizinisches Camp in einem Slumgebiet in Mysore (Jambraca). Allgemeinmedizinische\u00a0Untersuchungen f\u00fcr bed\u00fcrftige Erwachsene und Kinder.<\/p>\n<p><img loading=\"lazy\" class=\"aligncenter size-full wp-image-193\" src=\"http:\/\/annapurna-stiftung.de\/wordpress\/wp-content\/uploads\/medical-camp-may-2015.jpg\" alt=\"\" width=\"900\" height=\"111\" srcset=\"http:\/\/annapurna-stiftung.de\/wp-content\/uploads\/medical-camp-may-2015.jpg 900w, http:\/\/annapurna-stiftung.de\/wp-content\/uploads\/medical-camp-may-2015-300x37.jpg 300w, http:\/\/annapurna-stiftung.de\/wp-content\/uploads\/medical-camp-may-2015-768x95.jpg 768w, http:\/\/annapurna-stiftung.de\/wp-content\/uploads\/medical-camp-may-2015-604x74.jpg 604w\" sizes=\"(max-width: 900px) 100vw, 900px\" \/><\/p>\n<hr \/>\n<h4 style=\"text-align: left;\">23. Mai 2015<\/h4>\n<p style=\"text-align: left;\">Ayurvedisches Camp mit Doktor Gurubasauarya. Ganzheitliche medizinische Untersuchungen f\u00fcr Hilfsbed\u00fcrftige mit den Techniken der althergebrachten indischen Betrachtung.<\/p>\n<p><img loading=\"lazy\" class=\"aligncenter size-full wp-image-138\" src=\"http:\/\/annapurna-stiftung.de\/wordpress\/wp-content\/uploads\/Arjuvedic-camp-may-2015.jpg\" alt=\"\" width=\"900\" height=\"111\" srcset=\"http:\/\/annapurna-stiftung.de\/wp-content\/uploads\/Arjuvedic-camp-may-2015.jpg 900w, http:\/\/annapurna-stiftung.de\/wp-content\/uploads\/Arjuvedic-camp-may-2015-300x37.jpg 300w, http:\/\/annapurna-stiftung.de\/wp-content\/uploads\/Arjuvedic-camp-may-2015-768x95.jpg 768w, http:\/\/annapurna-stiftung.de\/wp-content\/uploads\/Arjuvedic-camp-may-2015-604x74.jpg 604w\" sizes=\"(max-width: 900px) 100vw, 900px\" \/><\/p>\n<hr \/>\n<h4 style=\"text-align: left;\">21. Mai 2015<\/h4>\n<p style=\"text-align: left;\">Ausgabe von Schulmitteln und F\u00f6rderung von Kindern bed\u00fcrftiger Familien der Landbev\u00f6lkerung. Ein Tag f\u00fcr Kinder und ihre Familen mit Feierlichkeiten, Spielen und Verk\u00f6stigung.<\/p>\n<p><img loading=\"lazy\" class=\"aligncenter size-full wp-image-201\" src=\"http:\/\/annapurna-stiftung.de\/wordpress\/wp-content\/uploads\/school-fee-May-2015.jpg\" alt=\"\" width=\"900\" height=\"111\" srcset=\"http:\/\/annapurna-stiftung.de\/wp-content\/uploads\/school-fee-May-2015.jpg 900w, http:\/\/annapurna-stiftung.de\/wp-content\/uploads\/school-fee-May-2015-300x37.jpg 300w, http:\/\/annapurna-stiftung.de\/wp-content\/uploads\/school-fee-May-2015-768x95.jpg 768w, http:\/\/annapurna-stiftung.de\/wp-content\/uploads\/school-fee-May-2015-604x74.jpg 604w\" sizes=\"(max-width: 900px) 100vw, 900px\" \/><\/p>\n<hr \/>\n<h4 style=\"text-align: left;\">12. April 2015<\/h4>\n<p style=\"text-align: left;\">Medizinisches Camp in Ambedkar Adidravida einem Slumgebiet in Mysore. Allgemeinmedizinische\u00a0Untersuchungen f\u00fcr bed\u00fcrftige Erwachsene und Kinder.<\/p>\n<p><img loading=\"lazy\" class=\"aligncenter size-full wp-image-162\" src=\"http:\/\/annapurna-stiftung.de\/wordpress\/wp-content\/uploads\/Function-April15.jpg\" alt=\"\" width=\"900\" height=\"111\" srcset=\"http:\/\/annapurna-stiftung.de\/wp-content\/uploads\/Function-April15.jpg 900w, http:\/\/annapurna-stiftung.de\/wp-content\/uploads\/Function-April15-300x37.jpg 300w, http:\/\/annapurna-stiftung.de\/wp-content\/uploads\/Function-April15-768x95.jpg 768w, http:\/\/annapurna-stiftung.de\/wp-content\/uploads\/Function-April15-604x74.jpg 604w\" sizes=\"(max-width: 900px) 100vw, 900px\" \/><\/p>\n<hr \/>\n<h4 style=\"text-align: left;\">05. April 2015<\/h4>\n<p style=\"text-align: left;\">Gemeinschaftliches S\u00e4ubern der Umwelt. &#8222;swach bharat abhiyam&#8220; frei nach dem Motto des indischen Premierministers Narendra Modi, der das Bewustsein f\u00fcr eine saubere inische Umwelt forcieren will.<\/p>\n<p><img loading=\"lazy\" class=\"aligncenter size-full wp-image-203\" src=\"http:\/\/annapurna-stiftung.de\/wordpress\/wp-content\/uploads\/swach-bharat-April-2015.jpg\" alt=\"\" width=\"900\" height=\"111\" srcset=\"http:\/\/annapurna-stiftung.de\/wp-content\/uploads\/swach-bharat-April-2015.jpg 900w, http:\/\/annapurna-stiftung.de\/wp-content\/uploads\/swach-bharat-April-2015-300x37.jpg 300w, http:\/\/annapurna-stiftung.de\/wp-content\/uploads\/swach-bharat-April-2015-768x95.jpg 768w, http:\/\/annapurna-stiftung.de\/wp-content\/uploads\/swach-bharat-April-2015-604x74.jpg 604w\" sizes=\"(max-width: 900px) 100vw, 900px\" \/><\/p>\n<hr \/>\n<h4 style=\"text-align: left;\">08.-09. April 2015<\/h4>\n<p style=\"text-align: left;\">Tanzworkshop im WPC mit Anna Roethlisberger aus der Schweiz. Tanztherapie f\u00fcr behinderte Kinder.<\/p>\n<p><img loading=\"lazy\" class=\"aligncenter size-full wp-image-204\" src=\"http:\/\/annapurna-stiftung.de\/wordpress\/wp-content\/uploads\/WPC-Tanzworkshop.jpg\" alt=\"\" width=\"900\" height=\"111\" srcset=\"http:\/\/annapurna-stiftung.de\/wp-content\/uploads\/WPC-Tanzworkshop.jpg 900w, http:\/\/annapurna-stiftung.de\/wp-content\/uploads\/WPC-Tanzworkshop-300x37.jpg 300w, http:\/\/annapurna-stiftung.de\/wp-content\/uploads\/WPC-Tanzworkshop-768x95.jpg 768w, http:\/\/annapurna-stiftung.de\/wp-content\/uploads\/WPC-Tanzworkshop-604x74.jpg 604w\" sizes=\"(max-width: 900px) 100vw, 900px\" \/><\/p>\n<hr \/>\n<h4 style=\"text-align: left;\">April 2015<\/h4>\n<p style=\"text-align: left;\">Pflanzung von gestifteten B\u00e4umen. Umwelt- und Naturschutzprojekt.<\/p>\n<p><img loading=\"lazy\" class=\"aligncenter size-full wp-image-234\" src=\"http:\/\/annapurna-stiftung.de\/wordpress\/wp-content\/uploads\/Ba\u0308ume-April-15-2.jpg\" alt=\"\" width=\"900\" height=\"111\" srcset=\"http:\/\/annapurna-stiftung.de\/wp-content\/uploads\/Ba\u0308ume-April-15-2.jpg 900w, http:\/\/annapurna-stiftung.de\/wp-content\/uploads\/Ba\u0308ume-April-15-2-300x37.jpg 300w, http:\/\/annapurna-stiftung.de\/wp-content\/uploads\/Ba\u0308ume-April-15-2-768x95.jpg 768w, http:\/\/annapurna-stiftung.de\/wp-content\/uploads\/Ba\u0308ume-April-15-2-604x74.jpg 604w\" sizes=\"(max-width: 900px) 100vw, 900px\" \/><\/p>\n<hr \/>\n<h4 style=\"text-align: left;\">23. M\u00e4rz 2015<\/h4>\n<p style=\"text-align: left;\">Medizinisches Camp. Kardiologische und allgemeinmedizinische\u00a0Untersuchungen f\u00fcr bed\u00fcrftige Erwachsene und Kinder.<\/p>\n<p><img loading=\"lazy\" class=\"aligncenter size-full wp-image-168\" src=\"http:\/\/annapurna-stiftung.de\/wordpress\/wp-content\/uploads\/Function-March15.jpg\" alt=\"\" width=\"900\" height=\"111\" srcset=\"http:\/\/annapurna-stiftung.de\/wp-content\/uploads\/Function-March15.jpg 900w, http:\/\/annapurna-stiftung.de\/wp-content\/uploads\/Function-March15-300x37.jpg 300w, http:\/\/annapurna-stiftung.de\/wp-content\/uploads\/Function-March15-768x95.jpg 768w, http:\/\/annapurna-stiftung.de\/wp-content\/uploads\/Function-March15-604x74.jpg 604w\" sizes=\"(max-width: 900px) 100vw, 900px\" \/><\/p>\n<hr \/>\n<h4 style=\"text-align: left;\">28. Februar 2015<\/h4>\n<p style=\"text-align: left;\">Medizinisches Camp in Guterala Mala einem Slumgebiet in Mysore. Kardiologische und allgemeinmedizinische\u00a0Untersuchungen f\u00fcr bed\u00fcrftige Erwachsene und Kinder.<\/p>\n<p><img loading=\"lazy\" class=\"aligncenter size-full wp-image-165\" src=\"http:\/\/annapurna-stiftung.de\/wordpress\/wp-content\/uploads\/Function-Feb-2015.jpg\" alt=\"\" width=\"900\" height=\"111\" srcset=\"http:\/\/annapurna-stiftung.de\/wp-content\/uploads\/Function-Feb-2015.jpg 900w, http:\/\/annapurna-stiftung.de\/wp-content\/uploads\/Function-Feb-2015-300x37.jpg 300w, http:\/\/annapurna-stiftung.de\/wp-content\/uploads\/Function-Feb-2015-768x95.jpg 768w, http:\/\/annapurna-stiftung.de\/wp-content\/uploads\/Function-Feb-2015-604x74.jpg 604w\" sizes=\"(max-width: 900px) 100vw, 900px\" \/><\/p>\n<hr \/>\n<h4 style=\"text-align: left;\">14. Februar 2015<\/h4>\n<p style=\"text-align: left;\">Arjuvedisches medizinisches Camp im WPC Mysore.\u00a0Allgemeinmedizinische Untersuchungen f\u00fcr bed\u00fcrftige Erwachsene und Kinder.<\/p>\n<p><img loading=\"lazy\" class=\"aligncenter size-full wp-image-137\" src=\"http:\/\/annapurna-stiftung.de\/wordpress\/wp-content\/uploads\/Arjuvedic-camp-Feb-2015.jpg\" alt=\"\" width=\"900\" height=\"111\" srcset=\"http:\/\/annapurna-stiftung.de\/wp-content\/uploads\/Arjuvedic-camp-Feb-2015.jpg 900w, http:\/\/annapurna-stiftung.de\/wp-content\/uploads\/Arjuvedic-camp-Feb-2015-300x37.jpg 300w, http:\/\/annapurna-stiftung.de\/wp-content\/uploads\/Arjuvedic-camp-Feb-2015-768x95.jpg 768w, http:\/\/annapurna-stiftung.de\/wp-content\/uploads\/Arjuvedic-camp-Feb-2015-604x74.jpg 604w\" sizes=\"(max-width: 900px) 100vw, 900px\" \/><\/p>\n<hr \/>\n<h4 style=\"text-align: left;\">31. Januar 2015<\/h4>\n<p style=\"text-align: left;\">Medical Camp im Mysore-Distrikt \u201cCam Raja\u201d.\u00a0Allgemeinmedizinische Untersuchungen f\u00fcr bed\u00fcrftige Erwachsene und Kinder.<\/p>\n<p><img loading=\"lazy\" class=\"aligncenter size-full wp-image-166\" src=\"http:\/\/annapurna-stiftung.de\/wordpress\/wp-content\/uploads\/Function-Januar-2015.jpg\" alt=\"\" width=\"900\" height=\"111\" srcset=\"http:\/\/annapurna-stiftung.de\/wp-content\/uploads\/Function-Januar-2015.jpg 900w, http:\/\/annapurna-stiftung.de\/wp-content\/uploads\/Function-Januar-2015-300x37.jpg 300w, http:\/\/annapurna-stiftung.de\/wp-content\/uploads\/Function-Januar-2015-768x95.jpg 768w, http:\/\/annapurna-stiftung.de\/wp-content\/uploads\/Function-Januar-2015-604x74.jpg 604w\" sizes=\"(max-width: 900px) 100vw, 900px\" \/><\/p>\n<p style=\"text-align: left;\">\n","protected":false},"excerpt":{"rendered":"<p>27. Dezember 2015 Medizinisches Camp in einem Slumgebiet in Mysore (Erangamalli-Siddartha Layout im Distrikt Cam Raja). Allgemeinmedizinische\u00a0und kardiologische Untersuchungen f\u00fcr bed\u00fcrftige Erwachsene und Kinder. 28. November 2015 Medizinisches Camp in einem Slumgebiet in Mysore. Allgemeinmedizinische\u00a0Untersuchungen und kardiologische Untersuchungen f\u00fcr bed\u00fcrftige Erwachsene und Kinder. 13. Oktober 2015 Medizinisches Camp in einem Slumgebiet in Mysore (Abdul Kalam Colony, Sai Baba Colony, bmc Nagar). AllgemeinmedizinischeUntersuchungen, Diabetistests, orthop\u00e4dische Untersuchungen f\u00fcr bed\u00fcrftige Erwachsene und Kinder. 21. September 2015 Medizinisches Camp in einem Slumgebiet in Mysore&#8230;<\/p>\n<p class=\"read-more\"><a class=\"btn btn-default\" href=\"http:\/\/annapurna-stiftung.de\/index.php\/2015-2\/\">Weiterlesen<span class=\"screen-reader-text\"> Weiterlesen<\/span><\/a><\/p>\n","protected":false},"author":1,"featured_media":0,"parent":0,"menu_order":0,"comment_status":"closed","ping_status":"closed","template":"","meta":{"ngg_post_thumbnail":0},"_links":{"self":[{"href":"http:\/\/annapurna-stiftung.de\/index.php\/wp-json\/wp\/v2\/pages\/62"}],"collection":[{"href":"http:\/\/annapurna-stiftung.de\/index.php\/wp-json\/wp\/v2\/pages"}],"about":[{"href":"http:\/\/annapurna-stiftung.de\/index.php\/wp-json\/wp\/v2\/types\/page"}],"author":[{"embeddable":true,"href":"http:\/\/annapurna-stiftung.de\/index.php\/wp-json\/wp\/v2\/users\/1"}],"replies":[{"embeddable":true,"href":"http:\/\/annapurna-stiftung.de\/index.php\/wp-json\/wp\/v2\/comments?post=62"}],"version-history":[{"count":10,"href":"http:\/\/annapurna-stiftung.de\/index.php\/wp-json\/wp\/v2\/pages\/62\/revisions"}],"predecessor-version":[{"id":244,"href":"http:\/\/annapurna-stiftung.de\/index.php\/wp-json\/wp\/v2\/pages\/62\/revisions\/244"}],"wp:attachment":[{"href":"http:\/\/annapurna-stiftung.de\/index.php\/wp-json\/wp\/v2\/media?parent=62"}],"curies":[{"name":"wp","href":"https:\/\/api.w.org\/{rel}","templated":true}]}}