{"id":64,"date":"2018-04-17T14:57:57","date_gmt":"2018-04-17T12:57:57","guid":{"rendered":"http:\/\/annapurna-stiftung.de\/wordpress\/?page_id=64"},"modified":"2018-04-20T16:38:03","modified_gmt":"2018-04-20T14:38:03","slug":"2016-2","status":"publish","type":"page","link":"http:\/\/annapurna-stiftung.de\/index.php\/2016-2\/","title":{"rendered":"2016"},"content":{"rendered":"<h4 style=\"text-align: left;\">31. Dezember 2016<\/h4>\n<p style=\"text-align: left;\">Medizinisches Camp in einem Slum-Viertel in Mysore. Allgemeinmedizinische\u00a0Untersuchungen f\u00fcr Erwachsene und Kinder.<\/p>\n<p><img loading=\"lazy\" class=\"aligncenter size-full wp-image-184\" src=\"http:\/\/annapurna-stiftung.de\/wordpress\/wp-content\/uploads\/medical-camp-dezember-2016.jpg\" alt=\"\" width=\"900\" height=\"111\" srcset=\"http:\/\/annapurna-stiftung.de\/wp-content\/uploads\/medical-camp-dezember-2016.jpg 900w, http:\/\/annapurna-stiftung.de\/wp-content\/uploads\/medical-camp-dezember-2016-300x37.jpg 300w, http:\/\/annapurna-stiftung.de\/wp-content\/uploads\/medical-camp-dezember-2016-768x95.jpg 768w, http:\/\/annapurna-stiftung.de\/wp-content\/uploads\/medical-camp-dezember-2016-604x74.jpg 604w\" sizes=\"(max-width: 900px) 100vw, 900px\" \/><\/p>\n<hr \/>\n<h4 style=\"text-align: left;\">26. Dezember 2016<\/h4>\n<p style=\"text-align: left;\">Weihnachtsfeier f\u00fcr 50 Kinder und deren Eltern. Gemeinsame Feierlichkeiten, Essen und \u00dcbergabe kleiner Geschenke f\u00fcr die Kinder.<\/p>\n<p><img loading=\"lazy\" class=\"aligncenter size-full wp-image-178\" src=\"http:\/\/annapurna-stiftung.de\/wordpress\/wp-content\/uploads\/kinderweihnacht-dezember-2016.jpg\" alt=\"\" width=\"900\" height=\"111\" srcset=\"http:\/\/annapurna-stiftung.de\/wp-content\/uploads\/kinderweihnacht-dezember-2016.jpg 900w, http:\/\/annapurna-stiftung.de\/wp-content\/uploads\/kinderweihnacht-dezember-2016-300x37.jpg 300w, http:\/\/annapurna-stiftung.de\/wp-content\/uploads\/kinderweihnacht-dezember-2016-768x95.jpg 768w, http:\/\/annapurna-stiftung.de\/wp-content\/uploads\/kinderweihnacht-dezember-2016-604x74.jpg 604w\" sizes=\"(max-width: 900px) 100vw, 900px\" \/><\/p>\n<hr \/>\n<h4 style=\"text-align: left;\">November 2016<\/h4>\n<p style=\"text-align: left;\">Filmkurs mit Regula Bachmann und Thomas Grahammer, filmschaffende aus Z\u00fcrich, mit anschliessenden Paxistagen mit Begleitung und Besprechung. Erstellung von Filmmaterial zur Dokumentation der baulichen und sozialen Aktivit\u00e4ten.<\/p>\n<p><img loading=\"lazy\" class=\"aligncenter size-full wp-image-142\" src=\"http:\/\/annapurna-stiftung.de\/wordpress\/wp-content\/uploads\/filmkurs-november-2016.jpg\" alt=\"\" width=\"900\" height=\"111\" srcset=\"http:\/\/annapurna-stiftung.de\/wp-content\/uploads\/filmkurs-november-2016.jpg 900w, http:\/\/annapurna-stiftung.de\/wp-content\/uploads\/filmkurs-november-2016-300x37.jpg 300w, http:\/\/annapurna-stiftung.de\/wp-content\/uploads\/filmkurs-november-2016-768x95.jpg 768w, http:\/\/annapurna-stiftung.de\/wp-content\/uploads\/filmkurs-november-2016-604x74.jpg 604w\" sizes=\"(max-width: 900px) 100vw, 900px\" \/><\/p>\n<hr \/>\n<h4 style=\"text-align: left;\">November 2016<\/h4>\n<p style=\"text-align: left;\">Gesangsunterricht f\u00fcr Frauen und M\u00e4nner mit der schweizer Konzertpianistin Lina Schwob.<\/p>\n<p><img loading=\"lazy\" class=\"aligncenter size-full wp-image-202\" src=\"http:\/\/annapurna-stiftung.de\/wordpress\/wp-content\/uploads\/singing-with-lina-november-2016.jpg\" alt=\"\" width=\"900\" height=\"111\" srcset=\"http:\/\/annapurna-stiftung.de\/wp-content\/uploads\/singing-with-lina-november-2016.jpg 900w, http:\/\/annapurna-stiftung.de\/wp-content\/uploads\/singing-with-lina-november-2016-300x37.jpg 300w, http:\/\/annapurna-stiftung.de\/wp-content\/uploads\/singing-with-lina-november-2016-768x95.jpg 768w, http:\/\/annapurna-stiftung.de\/wp-content\/uploads\/singing-with-lina-november-2016-604x74.jpg 604w\" sizes=\"(max-width: 900px) 100vw, 900px\" \/><\/p>\n<hr \/>\n<h4 style=\"text-align: left;\">30. November 2016<\/h4>\n<p style=\"text-align: left;\">Medizinisches Camp im Slum-Viertel Satahally Neheru Nagar in Mysore. Allgemeinmedizinische\u00a0Untersuchungen f\u00fcr Erwachsene und Kinder.<\/p>\n<p><img loading=\"lazy\" class=\"aligncenter size-full wp-image-195\" src=\"http:\/\/annapurna-stiftung.de\/wordpress\/wp-content\/uploads\/medical-camp-november-2016.jpg\" alt=\"\" width=\"900\" height=\"111\" srcset=\"http:\/\/annapurna-stiftung.de\/wp-content\/uploads\/medical-camp-november-2016.jpg 900w, http:\/\/annapurna-stiftung.de\/wp-content\/uploads\/medical-camp-november-2016-300x37.jpg 300w, http:\/\/annapurna-stiftung.de\/wp-content\/uploads\/medical-camp-november-2016-768x95.jpg 768w, http:\/\/annapurna-stiftung.de\/wp-content\/uploads\/medical-camp-november-2016-604x74.jpg 604w\" sizes=\"(max-width: 900px) 100vw, 900px\" \/><\/p>\n<hr \/>\n<h4 style=\"text-align: left;\">30. Oktober 2016<\/h4>\n<p style=\"text-align: left;\">Medizinisches Camp in einem Slum-Viertel in Mysore. Allgemeinmedizinische\u00a0Untersuchungen f\u00fcr Erwachsene und Kinder.<\/p>\n<p><img loading=\"lazy\" class=\"aligncenter size-full wp-image-197\" src=\"http:\/\/annapurna-stiftung.de\/wordpress\/wp-content\/uploads\/medical-camp-oktober-2016.jpg\" alt=\"\" width=\"900\" height=\"111\" srcset=\"http:\/\/annapurna-stiftung.de\/wp-content\/uploads\/medical-camp-oktober-2016.jpg 900w, http:\/\/annapurna-stiftung.de\/wp-content\/uploads\/medical-camp-oktober-2016-300x37.jpg 300w, http:\/\/annapurna-stiftung.de\/wp-content\/uploads\/medical-camp-oktober-2016-768x95.jpg 768w, http:\/\/annapurna-stiftung.de\/wp-content\/uploads\/medical-camp-oktober-2016-604x74.jpg 604w\" sizes=\"(max-width: 900px) 100vw, 900px\" \/><\/p>\n<hr \/>\n<h4 style=\"text-align: left;\">28. September 2016<\/h4>\n<p style=\"text-align: left;\">Medizinisches Camp in einem Slum-Viertel in Mysore. Allgemeinmedizinische\u00a0Untersuchungen f\u00fcr Erwachsene und Kinder.<\/p>\n<p><img loading=\"lazy\" class=\"aligncenter size-full wp-image-199\" src=\"http:\/\/annapurna-stiftung.de\/wordpress\/wp-content\/uploads\/medical-camp-september-2016.jpg\" alt=\"\" width=\"900\" height=\"111\" srcset=\"http:\/\/annapurna-stiftung.de\/wp-content\/uploads\/medical-camp-september-2016.jpg 900w, http:\/\/annapurna-stiftung.de\/wp-content\/uploads\/medical-camp-september-2016-300x37.jpg 300w, http:\/\/annapurna-stiftung.de\/wp-content\/uploads\/medical-camp-september-2016-768x95.jpg 768w, http:\/\/annapurna-stiftung.de\/wp-content\/uploads\/medical-camp-september-2016-604x74.jpg 604w\" sizes=\"(max-width: 900px) 100vw, 900px\" \/><\/p>\n<hr \/>\n<h4 style=\"text-align: left;\">31. August 2016<\/h4>\n<p style=\"text-align: left;\">Medizinisches Camp im Slum-Viertel FCI Annapurneshwari Colony. Allgemeinmedizinische\u00a0Untersuchungen haupts\u00e4chlich f\u00fcr bed\u00fcrftige moslemische Erwachsene und Kinder.<\/p>\n<p><img loading=\"lazy\" class=\"aligncenter size-full wp-image-182\" src=\"http:\/\/annapurna-stiftung.de\/wordpress\/wp-content\/uploads\/medical-camp-august-2016.jpg\" alt=\"\" width=\"900\" height=\"111\" srcset=\"http:\/\/annapurna-stiftung.de\/wp-content\/uploads\/medical-camp-august-2016.jpg 900w, http:\/\/annapurna-stiftung.de\/wp-content\/uploads\/medical-camp-august-2016-300x37.jpg 300w, http:\/\/annapurna-stiftung.de\/wp-content\/uploads\/medical-camp-august-2016-768x95.jpg 768w, http:\/\/annapurna-stiftung.de\/wp-content\/uploads\/medical-camp-august-2016-604x74.jpg 604w\" sizes=\"(max-width: 900px) 100vw, 900px\" \/><\/p>\n<hr \/>\n<h4 style=\"text-align: left;\">31. Juli 2016<\/h4>\n<p style=\"text-align: left;\">Medizinisches Camp im Slum-Viertel Dr. Abdul Kalam Colony. Allgemeinmedizinische\u00a0Untersuchungen haupts\u00e4chlich f\u00fcr bed\u00fcrftige christliche Erwachsene und Kinder.<\/p>\n<p><img loading=\"lazy\" class=\"aligncenter size-full wp-image-188\" src=\"http:\/\/annapurna-stiftung.de\/wordpress\/wp-content\/uploads\/medical-camp-juli-2016.jpg\" alt=\"\" width=\"900\" height=\"111\" srcset=\"http:\/\/annapurna-stiftung.de\/wp-content\/uploads\/medical-camp-juli-2016.jpg 900w, http:\/\/annapurna-stiftung.de\/wp-content\/uploads\/medical-camp-juli-2016-300x37.jpg 300w, http:\/\/annapurna-stiftung.de\/wp-content\/uploads\/medical-camp-juli-2016-768x95.jpg 768w, http:\/\/annapurna-stiftung.de\/wp-content\/uploads\/medical-camp-juli-2016-604x74.jpg 604w\" sizes=\"(max-width: 900px) 100vw, 900px\" \/><\/p>\n<hr \/>\n<h4 style=\"text-align: left;\">26. Juni 2016<\/h4>\n<p style=\"text-align: left;\">Medizinisches Camp in einem Slum von Mysore. Allgemeinmedizinische und kardiologische Untersuchungen\u00a0f\u00fcr bed\u00fcrftige Erwachsene und Kinder.<\/p>\n<p><img loading=\"lazy\" class=\"aligncenter size-full wp-image-190\" src=\"http:\/\/annapurna-stiftung.de\/wordpress\/wp-content\/uploads\/medical-camp-june-2016.jpg\" alt=\"\" width=\"900\" height=\"111\" srcset=\"http:\/\/annapurna-stiftung.de\/wp-content\/uploads\/medical-camp-june-2016.jpg 900w, http:\/\/annapurna-stiftung.de\/wp-content\/uploads\/medical-camp-june-2016-300x37.jpg 300w, http:\/\/annapurna-stiftung.de\/wp-content\/uploads\/medical-camp-june-2016-768x95.jpg 768w, http:\/\/annapurna-stiftung.de\/wp-content\/uploads\/medical-camp-june-2016-604x74.jpg 604w\" sizes=\"(max-width: 900px) 100vw, 900px\" \/><\/p>\n<hr \/>\n<h4 style=\"text-align: left;\">29. Mai 2016<\/h4>\n<p style=\"text-align: left;\">Medizinisches Camp im Slum-Viertel Iaffa Sait &#8211; Bannimantap. Allgemeinmedizinische\u00a0Untersuchungen haupts\u00e4chlich f\u00fcr bed\u00fcrftige moslemische Kinder.<\/p>\n<p><img loading=\"lazy\" class=\"aligncenter size-full wp-image-191\" src=\"http:\/\/annapurna-stiftung.de\/wordpress\/wp-content\/uploads\/medical-camp-mai-2016.jpg\" alt=\"\" width=\"900\" height=\"111\" srcset=\"http:\/\/annapurna-stiftung.de\/wp-content\/uploads\/medical-camp-mai-2016.jpg 900w, http:\/\/annapurna-stiftung.de\/wp-content\/uploads\/medical-camp-mai-2016-300x37.jpg 300w, http:\/\/annapurna-stiftung.de\/wp-content\/uploads\/medical-camp-mai-2016-768x95.jpg 768w, http:\/\/annapurna-stiftung.de\/wp-content\/uploads\/medical-camp-mai-2016-604x74.jpg 604w\" sizes=\"(max-width: 900px) 100vw, 900px\" \/><\/p>\n<hr \/>\n<h4 style=\"text-align: left;\">29. April 2016<\/h4>\n<p style=\"text-align: left;\">Medizinisches Camp im Slum-Viertel\u00a0Ambetkar Colony\/Hanuman nagar Area\u00a0Mysore. Allgemeinmedizinische\u00a0Untersuchungen f\u00fcr bed\u00fcrftige Erwachsene und Kinder.<\/p>\n<p><img loading=\"lazy\" class=\"aligncenter size-full wp-image-180\" src=\"http:\/\/annapurna-stiftung.de\/wordpress\/wp-content\/uploads\/medical-camp-april-2016.jpg\" alt=\"\" width=\"900\" height=\"111\" srcset=\"http:\/\/annapurna-stiftung.de\/wp-content\/uploads\/medical-camp-april-2016.jpg 900w, http:\/\/annapurna-stiftung.de\/wp-content\/uploads\/medical-camp-april-2016-300x37.jpg 300w, http:\/\/annapurna-stiftung.de\/wp-content\/uploads\/medical-camp-april-2016-768x95.jpg 768w, http:\/\/annapurna-stiftung.de\/wp-content\/uploads\/medical-camp-april-2016-604x74.jpg 604w\" sizes=\"(max-width: 900px) 100vw, 900px\" \/><\/p>\n<hr \/>\n<h4 style=\"text-align: left;\">30. M\u00e4rz 2016<\/h4>\n<p style=\"text-align: left;\">Medizinisches Camp im Viertel\u00a0JYOTHI NAGAR\/\u00a0Mysore. Allgemeinmedizinische\u00a0Untersuchungen f\u00fcr bed\u00fcrftige Erwachsene und Kinder.<\/p>\n<p><img loading=\"lazy\" class=\"aligncenter size-full wp-image-192\" src=\"http:\/\/annapurna-stiftung.de\/wordpress\/wp-content\/uploads\/medical-camp-march-2016.jpg\" alt=\"\" width=\"900\" height=\"111\" srcset=\"http:\/\/annapurna-stiftung.de\/wp-content\/uploads\/medical-camp-march-2016.jpg 900w, http:\/\/annapurna-stiftung.de\/wp-content\/uploads\/medical-camp-march-2016-300x37.jpg 300w, http:\/\/annapurna-stiftung.de\/wp-content\/uploads\/medical-camp-march-2016-768x95.jpg 768w, http:\/\/annapurna-stiftung.de\/wp-content\/uploads\/medical-camp-march-2016-604x74.jpg 604w\" sizes=\"(max-width: 900px) 100vw, 900px\" \/><\/p>\n<hr \/>\n<h4 style=\"text-align: left;\">06. Februar 2016<\/h4>\n<p style=\"text-align: left;\">Medizinisches Camp im World Peace Centre Mysore. Ein ganzer Tag gewidmet allgemeinmedizinischer und\u00a0kardiologischer Untersuchungen f\u00fcr bed\u00fcrftige Erwachsene und Kinder.\u00a0Des weiteren wurden Augenuntersuchungen, Zahnbehandlungen, Bluttzuckertests und frauen\u00e4rztliche Untersuchungen angeboten. Weit \u00fcber 1000 Personen haben die Angebote angenommen; wurden behandelt, verk\u00f6stigt und haben kostenfreie Medikamente erhalten. In einem besonders akuten Fall konnte einem Menschen durch schnelle unkomplizierte Hilfe das Leben gerettet werden.<\/p>\n<p><img loading=\"lazy\" class=\"aligncenter size-full wp-image-186\" src=\"http:\/\/annapurna-stiftung.de\/wordpress\/wp-content\/uploads\/medical-camp-february-2016.jpg\" alt=\"\" width=\"900\" height=\"111\" srcset=\"http:\/\/annapurna-stiftung.de\/wp-content\/uploads\/medical-camp-february-2016.jpg 900w, http:\/\/annapurna-stiftung.de\/wp-content\/uploads\/medical-camp-february-2016-300x37.jpg 300w, http:\/\/annapurna-stiftung.de\/wp-content\/uploads\/medical-camp-february-2016-768x95.jpg 768w, http:\/\/annapurna-stiftung.de\/wp-content\/uploads\/medical-camp-february-2016-604x74.jpg 604w\" sizes=\"(max-width: 900px) 100vw, 900px\" \/><\/p>\n","protected":false},"excerpt":{"rendered":"<p>31. Dezember 2016 Medizinisches Camp in einem Slum-Viertel in Mysore. Allgemeinmedizinische\u00a0Untersuchungen f\u00fcr Erwachsene und Kinder. 26. Dezember 2016 Weihnachtsfeier f\u00fcr 50 Kinder und deren Eltern. Gemeinsame Feierlichkeiten, Essen und \u00dcbergabe kleiner Geschenke f\u00fcr die Kinder. November 2016 Filmkurs mit Regula Bachmann und Thomas Grahammer, filmschaffende aus Z\u00fcrich, mit anschliessenden Paxistagen mit Begleitung und Besprechung. Erstellung von Filmmaterial zur Dokumentation der baulichen und sozialen Aktivit\u00e4ten. November 2016 Gesangsunterricht f\u00fcr Frauen und M\u00e4nner mit der schweizer Konzertpianistin Lina Schwob. 30. November 2016&#8230;<\/p>\n<p class=\"read-more\"><a class=\"btn btn-default\" href=\"http:\/\/annapurna-stiftung.de\/index.php\/2016-2\/\">Weiterlesen<span class=\"screen-reader-text\"> Weiterlesen<\/span><\/a><\/p>\n","protected":false},"author":1,"featured_media":0,"parent":0,"menu_order":0,"comment_status":"closed","ping_status":"closed","template":"","meta":{"ngg_post_thumbnail":0},"_links":{"self":[{"href":"http:\/\/annapurna-stiftung.de\/index.php\/wp-json\/wp\/v2\/pages\/64"}],"collection":[{"href":"http:\/\/annapurna-stiftung.de\/index.php\/wp-json\/wp\/v2\/pages"}],"about":[{"href":"http:\/\/annapurna-stiftung.de\/index.php\/wp-json\/wp\/v2\/types\/page"}],"author":[{"embeddable":true,"href":"http:\/\/annapurna-stiftung.de\/index.php\/wp-json\/wp\/v2\/users\/1"}],"replies":[{"embeddable":true,"href":"http:\/\/annapurna-stiftung.de\/index.php\/wp-json\/wp\/v2\/comments?post=64"}],"version-history":[{"count":3,"href":"http:\/\/annapurna-stiftung.de\/index.php\/wp-json\/wp\/v2\/pages\/64\/revisions"}],"predecessor-version":[{"id":247,"href":"http:\/\/annapurna-stiftung.de\/index.php\/wp-json\/wp\/v2\/pages\/64\/revisions\/247"}],"wp:attachment":[{"href":"http:\/\/annapurna-stiftung.de\/index.php\/wp-json\/wp\/v2\/media?parent=64"}],"curies":[{"name":"wp","href":"https:\/\/api.w.org\/{rel}","templated":true}]}}